{"id":979,"date":"2026-03-02T14:03:34","date_gmt":"2026-03-02T13:03:34","guid":{"rendered":"https:\/\/estellephotographies.fr\/?post_type=product&#038;p=979"},"modified":"2026-04-02T13:41:34","modified_gmt":"2026-04-02T11:41:34","slug":"atelier-louise-estelle","status":"publish","type":"product","link":"https:\/\/estellephotographies.fr\/index.php\/produit\/atelier-louise-estelle\/","title":{"rendered":"Atelier Louise &#038; Estelle"},"content":{"rendered":"<p dir=\"ltr\"><span data-olk-copy-source=\"MessageBody\">Et si tu venais capturer la magie de la golden hour avec nous ?<\/span><\/p>\n<p>On t\u2019emm\u00e8ne le <strong>30 avril \u00e0 18h30 au Relecq-Kerhuon (Bretagne)<\/strong> pour une randonn\u00e9e photo conviviale au moment o\u00f9 la lumi\u00e8re devient douce, chaude et inspirante \u2728<\/p>\n<p>\ud83d\udeb6\u200d\u2640\ufe0f<strong> Au programme (\u2248 2h30)<\/strong><\/p>\n<ol start=\"1\">\n<li><strong>Accueil &amp; mise en jambe<\/strong><span role=\"presentation\"><br \/>\n<\/span>On d\u00e9marre tranquillement avec une pr\u00e9sentation et quelques conseils pour bien d\u00e9buter la sortie.<\/li>\n<li><strong>Exploration &amp; pratique guid\u00e9e<\/strong><span role=\"presentation\"><br \/>\n<\/span>Tout au long de la balade, on t\u2019accompagne pour :<\/li>\n<\/ol>\n<ul>\n<li>apprendre \u00e0 observer diff\u00e9remment ton environnement<\/li>\n<li>jouer avec la lumi\u00e8re du coucher de soleil<\/li>\n<li>exp\u00e9rimenter des contraintes cr\u00e9atives (lignes, g\u00e9om\u00e9trie, cadrage\u2026)<\/li>\n<\/ul>\n<p>\ud83d\udc49<strong> L\u2019objectif<\/strong> : stimuler ton regard et t\u2019aider \u00e0 progresser naturellement, quel que soit ton niveau.<\/p>\n<ol start=\"3\">\n<li><strong>Pause conviviale<\/strong><span role=\"presentation\"><br \/>\n<\/span>Un petit en-cas est pr\u00e9vu pour profiter du moment ensemble et recharger les batteries \ud83c\udf6a<\/li>\n<li><strong>Temps d\u2019\u00e9change<\/strong><span role=\"presentation\"><br \/>\n<\/span>Un moment sera d\u00e9di\u00e9 \u00e0 tes questions : technique, composition, mat\u00e9riel\u2026 on est l\u00e0 pour toi !<\/li>\n<\/ol>\n<p><strong>\ud83d\udcf8 Apr\u00e8s la rando<\/strong><\/p>\n<p>Un groupe WhatsApp sera cr\u00e9\u00e9 pour partager tes photos pr\u00e9f\u00e9r\u00e9es, \u00e9changer et prolonger l\u2019exp\u00e9rience ensemble.<\/p>\n<p>\ud83c\udf92 \u00c0 pr\u00e9voir<\/p>\n<p>\ud83d\udc49 Ton appareil photo (ou smartphone)<\/p>\n<p>\ud83d\udc49 Une tenue confortable pour marcher<\/p>\n<p>\ud83d\udc49 Ta curiosit\u00e9 et ton envie de cr\u00e9er<\/p>\n","protected":false},"excerpt":{"rendered":"<p>Et si tu venais capturer la magie de la golden hour avec nous ? On t\u2019emm\u00e8ne le 30 avril \u00e0 18h30 au Relecq-Kerhuon (Bretagne) pour une randonn\u00e9e photo conviviale au moment o\u00f9 la lumi\u00e8re devient douce, chaude et inspirante \u2728 \ud83d\udeb6\u200d\u2640\ufe0f Au programme (\u2248 2h30) Accueil &amp; mise en jambe On d\u00e9marre tranquillement avec une [&hellip;]<\/p>\n","protected":false},"featured_media":1003,"comment_status":"open","ping_status":"closed","template":"","meta":{"_et_pb_use_builder":"","_et_pb_old_content":"","_et_gb_content_width":""},"product_brand":[],"product_cat":[38],"product_tag":[],"class_list":{"0":"post-979","1":"product","2":"type-product","3":"status-publish","4":"has-post-thumbnail","6":"product_cat-ateliers","8":"first","9":"instock","10":"virtual","11":"purchasable","12":"product-type-simple"},"jetpack_sharing_enabled":true,"_links":{"self":[{"href":"https:\/\/estellephotographies.fr\/index.php\/wp-json\/wp\/v2\/product\/979","targetHints":{"allow":["GET"]}}],"collection":[{"href":"https:\/\/estellephotographies.fr\/index.php\/wp-json\/wp\/v2\/product"}],"about":[{"href":"https:\/\/estellephotographies.fr\/index.php\/wp-json\/wp\/v2\/types\/product"}],"replies":[{"embeddable":true,"href":"https:\/\/estellephotographies.fr\/index.php\/wp-json\/wp\/v2\/comments?post=979"}],"wp:featuredmedia":[{"embeddable":true,"href":"https:\/\/estellephotographies.fr\/index.php\/wp-json\/wp\/v2\/media\/1003"}],"wp:attachment":[{"href":"https:\/\/estellephotographies.fr\/index.php\/wp-json\/wp\/v2\/media?parent=979"}],"wp:term":[{"taxonomy":"product_brand","embeddable":true,"href":"https:\/\/estellephotographies.fr\/index.php\/wp-json\/wp\/v2\/product_brand?post=979"},{"taxonomy":"product_cat","embeddable":true,"href":"https:\/\/estellephotographies.fr\/index.php\/wp-json\/wp\/v2\/product_cat?post=979"},{"taxonomy":"product_tag","embeddable":true,"href":"https:\/\/estellephotographies.fr\/index.php\/wp-json\/wp\/v2\/product_tag?post=979"}],"curies":[{"name":"wp","href":"https:\/\/api.w.org\/{rel}","templated":true}]}}