{"id":886,"date":"2025-12-21T11:12:08","date_gmt":"2025-12-21T10:12:08","guid":{"rendered":"https:\/\/estellephotographies.fr\/?post_type=product&#038;p=886"},"modified":"2026-02-14T10:09:46","modified_gmt":"2026-02-14T09:09:46","slug":"coaching-personnalise","status":"publish","type":"product","link":"https:\/\/estellephotographies.fr\/index.php\/produit\/coaching-personnalise\/","title":{"rendered":"Coaching personnalis\u00e9"},"content":{"rendered":"<p data-start=\"93\" data-end=\"402\">Apr\u00e8s ta commande, je te contacte directement par t\u00e9l\u00e9phone afin que l\u2019on puisse faire connaissance. Nous prenons ensemble le temps d\u2019\u00e9changer sur ton projet, tes questions et tes objectifs, puis nous convenons d\u2019une date et d\u2019une heure pour notre rendez-vous.<\/p>\n<p data-start=\"409\" data-end=\"573\">Cet \u00e9change est un moment bienveillant, sans pression, pens\u00e9 pour t\u2019apporter de la clart\u00e9, des r\u00e9ponses concr\u00e8tes et un vrai coup de boost pour avancer sereinement.<\/p>\n","protected":false},"excerpt":{"rendered":"<p>Apr\u00e8s ta commande, je te contacte directement par t\u00e9l\u00e9phone afin que l\u2019on puisse faire connaissance. Nous prenons ensemble le temps d\u2019\u00e9changer sur ton projet, tes questions et tes objectifs, puis nous convenons d\u2019une date et d\u2019une heure pour notre rendez-vous. Cet \u00e9change est un moment bienveillant, sans pression, pens\u00e9 pour t\u2019apporter de la clart\u00e9, des [&hellip;]<\/p>\n","protected":false},"featured_media":887,"comment_status":"open","ping_status":"closed","template":"","meta":{"_et_pb_use_builder":"","_et_pb_old_content":"","_et_gb_content_width":""},"product_brand":[],"product_cat":[17],"product_tag":[],"class_list":{"0":"post-886","1":"product","2":"type-product","3":"status-publish","4":"has-post-thumbnail","6":"product_cat-animaux","8":"first","9":"instock","10":"virtual","11":"purchasable","12":"product-type-simple"},"jetpack_sharing_enabled":true,"_links":{"self":[{"href":"https:\/\/estellephotographies.fr\/index.php\/wp-json\/wp\/v2\/product\/886","targetHints":{"allow":["GET"]}}],"collection":[{"href":"https:\/\/estellephotographies.fr\/index.php\/wp-json\/wp\/v2\/product"}],"about":[{"href":"https:\/\/estellephotographies.fr\/index.php\/wp-json\/wp\/v2\/types\/product"}],"replies":[{"embeddable":true,"href":"https:\/\/estellephotographies.fr\/index.php\/wp-json\/wp\/v2\/comments?post=886"}],"wp:featuredmedia":[{"embeddable":true,"href":"https:\/\/estellephotographies.fr\/index.php\/wp-json\/wp\/v2\/media\/887"}],"wp:attachment":[{"href":"https:\/\/estellephotographies.fr\/index.php\/wp-json\/wp\/v2\/media?parent=886"}],"wp:term":[{"taxonomy":"product_brand","embeddable":true,"href":"https:\/\/estellephotographies.fr\/index.php\/wp-json\/wp\/v2\/product_brand?post=886"},{"taxonomy":"product_cat","embeddable":true,"href":"https:\/\/estellephotographies.fr\/index.php\/wp-json\/wp\/v2\/product_cat?post=886"},{"taxonomy":"product_tag","embeddable":true,"href":"https:\/\/estellephotographies.fr\/index.php\/wp-json\/wp\/v2\/product_tag?post=886"}],"curies":[{"name":"wp","href":"https:\/\/api.w.org\/{rel}","templated":true}]}}