{"id":969,"date":"2026-03-02T14:10:42","date_gmt":"2026-03-02T13:10:42","guid":{"rendered":"https:\/\/estellephotographies.fr\/?page_id=969"},"modified":"2026-04-02T13:48:50","modified_gmt":"2026-04-02T11:48:50","slug":"atelier-photo-louise","status":"publish","type":"page","link":"https:\/\/estellephotographies.fr\/index.php\/atelier-photo-louise\/","title":{"rendered":"Atelier photo &#8211; Louise"},"content":{"rendered":"<p>[et_pb_section fb_built=\u00a0\u00bb1&Prime; _builder_version=\u00a0\u00bb4.27.4&Prime; _module_preset=\u00a0\u00bbdefault\u00a0\u00bb global_colors_info=\u00a0\u00bb{}\u00a0\u00bb][et_pb_row _builder_version=\u00a0\u00bb4.27.4&Prime; _module_preset=\u00a0\u00bbdefault\u00a0\u00bb global_colors_info=\u00a0\u00bb{}\u00a0\u00bb][et_pb_column type=\u00a0\u00bb4_4&Prime; _builder_version=\u00a0\u00bb4.27.4&Prime; _module_preset=\u00a0\u00bbdefault\u00a0\u00bb global_colors_info=\u00a0\u00bb{}\u00a0\u00bb][et_pb_heading title=\u00a0\u00bbRando photo &#8211; Coucher de soleil \u00a0\u00bb _builder_version=\u00a0\u00bb4.27.4&Prime; _module_preset=\u00a0\u00bbdefault\u00a0\u00bb title_font=\u00a0\u00bbAbhaya Libre|800|||||||\u00a0\u00bb title_text_color=\u00a0\u00bb#E09900&Prime; global_colors_info=\u00a0\u00bb{}\u00a0\u00bb][\/et_pb_heading][\/et_pb_column][\/et_pb_row][et_pb_row _builder_version=\u00a0\u00bb4.27.4&Prime; _module_preset=\u00a0\u00bbdefault\u00a0\u00bb global_colors_info=\u00a0\u00bb{}\u00a0\u00bb][et_pb_column type=\u00a0\u00bb4_4&Prime; _builder_version=\u00a0\u00bb4.27.4&Prime; _module_preset=\u00a0\u00bbdefault\u00a0\u00bb global_colors_info=\u00a0\u00bb{}\u00a0\u00bb][et_pb_heading title=\u00a0\u00bbUn moment simple, inspirant et accessible \u00e0 tous, pour apprendre, partager et cr\u00e9er ensemble.\u00a0\u00bb _builder_version=\u00a0\u00bb4.27.4&Prime; _module_preset=\u00a0\u00bbdefault\u00a0\u00bb title_level=\u00a0\u00bbh4&Prime; title_font=\u00a0\u00bbAbhaya Libre||||||||\u00a0\u00bb title_text_color=\u00a0\u00bb#000000&Prime; width=\u00a0\u00bb100%\u00a0\u00bb global_colors_info=\u00a0\u00bb{}\u00a0\u00bb][\/et_pb_heading][et_pb_image src=\u00a0\u00bbhttps:\/\/estellephotographies.fr\/wp-content\/uploads\/2026\/04\/Rando-photo-coucher-de-soleil.png\u00a0\u00bb title_text=\u00a0\u00bbRando photo coucher de soleil\u00a0\u00bb _builder_version=\u00a0\u00bb4.27.4&Prime; _module_preset=\u00a0\u00bbdefault\u00a0\u00bb global_colors_info=\u00a0\u00bb{}\u00a0\u00bb custom_margin=\u00a0\u00bb|15px||||\u00a0\u00bb][\/et_pb_image][et_pb_text _builder_version=\u00a0\u00bb4.27.4&Prime; _module_preset=\u00a0\u00bbdefault\u00a0\u00bb hover_enabled=\u00a0\u00bb0&Prime; global_colors_info=\u00a0\u00bb{}\u00a0\u00bb sticky_enabled=\u00a0\u00bb0&Prime; custom_padding=\u00a0\u00bb||0px|||\u00a0\u00bb]<\/p>\n<p dir=\"ltr\"><strong>Et si tu venais capturer la magie de la golden hour avec nous ?<\/strong><\/p>\n<p><span>On t\u2019emm\u00e8ne le <strong>30 avril \u00e0 18h30 au Relecq-Kerhuon (Bretagne)<\/strong> pour une randonn\u00e9e photo conviviale au moment o\u00f9 la lumi\u00e8re devient douce, chaude et inspirante \u2728<\/span><\/p>\n<p><span>\u00a0<\/span><\/p>\n<p><span>\ud83d\udeb6\u200d\u2640\ufe0f <strong>Au programme (\u2248 2h30)<\/strong><\/span><span><\/span><\/p>\n<ol start=\"1\">\n<li><strong>Accueil &amp; mise en jambe<\/strong><span role=\"presentation\"><br \/><\/span>On d\u00e9marre tranquillement avec une pr\u00e9sentation et quelques conseils pour bien d\u00e9buter la sortie.<\/li>\n<li><strong>Exploration &amp; pratique guid\u00e9e<\/strong><span role=\"presentation\"><br \/><\/span>Tout au long de la balade, on t\u2019accompagne pour :<\/li>\n<\/ol>\n<ul>\n<li><span>apprendre \u00e0 observer diff\u00e9remment ton environnement<\/span><\/li>\n<li><span>jouer avec la lumi\u00e8re du coucher de soleil<\/span><\/li>\n<li><span>exp\u00e9rimenter des contraintes cr\u00e9atives (lignes, g\u00e9om\u00e9trie, cadrage\u2026)<\/span><\/li>\n<\/ul>\n<p><span>\ud83d\udc49 L\u2019objectif : stimuler ton regard et t\u2019aider \u00e0 progresser naturellement, quel que soit ton niveau.<\/span><span><\/span><\/p>\n<ol start=\"3\">\n<li><strong>Pause conviviale<\/strong><span role=\"presentation\"><br \/><\/span>Un petit en-cas est pr\u00e9vu pour profiter du moment ensemble et recharger les batteries \ud83c\udf6a<\/li>\n<li><strong>Temps d\u2019\u00e9change<\/strong><span role=\"presentation\"><br \/><\/span>Un moment sera d\u00e9di\u00e9 \u00e0 tes questions : technique, composition, mat\u00e9riel\u2026 on est l\u00e0 pour toi !<\/li>\n<\/ol>\n<p><span>\ud83d\udcf8 <strong>Apr\u00e8s la rando<\/strong><\/span><\/p>\n<p><span>Un groupe WhatsApp sera cr\u00e9\u00e9 pour partager tes photos pr\u00e9f\u00e9r\u00e9es, \u00e9changer et prolonger l\u2019exp\u00e9rience ensemble.<\/span><span><\/span><\/p>\n<p><span><\/span><\/p>\n<p><span>\ud83c\udf92 <strong>\u00c0 pr\u00e9voir<\/strong><\/span><\/p>\n<p><span>\ud83d\udc49 Ton appareil photo (ou smartphone)<\/span><\/p>\n<p><span>\ud83d\udc49 Une tenue confortable pour marcher<\/span><\/p>\n<p><span>\ud83d\udc49 Ta curiosit\u00e9 et ton envie de cr\u00e9er<\/span><\/p>\n<p><span>\u00a0<\/span><\/p>\n<p>\ud83d\udcb0 Tarif : <strong>40\u20ac<\/strong><\/p>\n<div dir=\"ltr\"><\/div>\n<p>[\/et_pb_text][et_pb_text _builder_version=\u00a0\u00bb4.27.4&Prime; _module_preset=\u00a0\u00bbdefault\u00a0\u00bb link_option_url=\u00a0\u00bbhttps:\/\/estellephotographies.fr\/index.php\/produit\/atelier-louise-estelle\/\u00a0\u00bb global_colors_info=\u00a0\u00bb{}\u00a0\u00bb]<\/p>\n<p><strong>\ud83d\udc47 R\u00e9servez votre place d\u00e8s maintenant :<\/strong><\/p>\n<p>[\/et_pb_text][et_pb_button button_url=\u00a0\u00bbhttps:\/\/estellephotographies.fr\/index.php\/produit\/atelier-louise-estelle\/\u00a0\u00bb button_text=\u00a0\u00bbR\u00e9serve ta place \u00a0\u00bb _builder_version=\u00a0\u00bb4.27.4&Prime; _module_preset=\u00a0\u00bbdefault\u00a0\u00bb global_colors_info=\u00a0\u00bb{}\u00a0\u00bb][\/et_pb_button][\/et_pb_column][\/et_pb_row][\/et_pb_section]<\/p>\n","protected":false},"excerpt":{"rendered":"<p>Et si tu venais capturer la magie de la golden hour avec nous ? On t\u2019emm\u00e8ne le 30 avril \u00e0 18h30 au Relecq-Kerhuon (Bretagne) pour une randonn\u00e9e photo conviviale au moment o\u00f9 la lumi\u00e8re devient douce, chaude et inspirante \u2728 \u00a0 \ud83d\udeb6\u200d\u2640\ufe0f Au programme (\u2248 2h30) Accueil &amp; mise en jambeOn d\u00e9marre tranquillement avec une [&hellip;]<\/p>\n","protected":false},"author":1,"featured_media":0,"parent":0,"menu_order":0,"comment_status":"closed","ping_status":"closed","template":"","meta":{"_et_pb_use_builder":"on","_et_pb_old_content":"","_et_gb_content_width":"","footnotes":""},"class_list":["post-969","page","type-page","status-publish","hentry"],"jetpack_sharing_enabled":true,"_links":{"self":[{"href":"https:\/\/estellephotographies.fr\/index.php\/wp-json\/wp\/v2\/pages\/969","targetHints":{"allow":["GET"]}}],"collection":[{"href":"https:\/\/estellephotographies.fr\/index.php\/wp-json\/wp\/v2\/pages"}],"about":[{"href":"https:\/\/estellephotographies.fr\/index.php\/wp-json\/wp\/v2\/types\/page"}],"author":[{"embeddable":true,"href":"https:\/\/estellephotographies.fr\/index.php\/wp-json\/wp\/v2\/users\/1"}],"replies":[{"embeddable":true,"href":"https:\/\/estellephotographies.fr\/index.php\/wp-json\/wp\/v2\/comments?post=969"}],"version-history":[{"count":9,"href":"https:\/\/estellephotographies.fr\/index.php\/wp-json\/wp\/v2\/pages\/969\/revisions"}],"predecessor-version":[{"id":1006,"href":"https:\/\/estellephotographies.fr\/index.php\/wp-json\/wp\/v2\/pages\/969\/revisions\/1006"}],"wp:attachment":[{"href":"https:\/\/estellephotographies.fr\/index.php\/wp-json\/wp\/v2\/media?parent=969"}],"curies":[{"name":"wp","href":"https:\/\/api.w.org\/{rel}","templated":true}]}}